{"id":95111,"date":"2023-05-09T22:09:28","date_gmt":"2023-05-10T02:09:28","guid":{"rendered":"https:\/\/bitingintolife.net\/?page_id=95111"},"modified":"2023-05-09T22:18:53","modified_gmt":"2023-05-10T02:18:53","slug":"gestionnaire-de-medias-sociaux","status":"publish","type":"page","link":"https:\/\/bitingintolife.net\/fr\/gestionnaire-de-medias-sociaux\/","title":{"rendered":"Gestionnaire de m\u00e9dias sociaux pour un blog culinaire prometteur"},"content":{"rendered":"\n<h2 id=\"h-vue-d-ensemble\">VUE D'ENSEMBLE<\/h2>\n\n\n\n<p>En &eacute;troite collaboration avec la fondatrice, la personne responsable des m&eacute;dias sociaux jouera un r&ocirc;le cl&eacute; en assurant la gestion strat&eacute;gique de la pr&eacute;sence de la marque Biting into Life\/Mordre dans la vie &mdash; un blog sur l'alimentation &agrave; base de v&eacute;g&eacute;taux complets, sur les m&eacute;dias sociaux &mdash;, en particulier sur Instagram et Facebook. Ses principales responsabilit&eacute;s seront l'id&eacute;ation, la planification et la gestion de la communaut&eacute;.<\/p>\n\n\n\n<p>La personne id&eacute;ale est proactive et constamment &agrave; la recherche de nouvelles opportunit&eacute;s de croissance sur Instagram et Facebook. Tu aimes interagir avec diverses communaut&eacute;s, entamer des conversations sur des sujets pertinents. Les &eacute;v&eacute;nements en temps r&eacute;el alimentent votre imagination. Tu es la personne &agrave; qui l'on s'adresse pour conna&icirc;tre les derni&egrave;res nouvelles et tendances en mati&egrave;re de m&eacute;dias sociaux, mais aussi celle qui donne un sens pratique &agrave; ces d&eacute;veloppements. Cela te ressemble-t-il ?<\/p>\n\n\n\n<p>Je cherche quelqu'un qui partage ma passion pour tout ce qui touche au num&eacute;rique, au social et au marketing. En outre, si tu aimes aider les laiss&eacute;s-pour-compte, relever des d&eacute;fis complexes et atteindre tes objectifs, faire face aux situations avec confiance et d&eacute;termination, si tu es du genre &agrave; faire preuve d'initiative et d'efficacit&eacute; face aux probl&egrave;mes, et si tu pense que chaque probl&egrave;me a sa solution, j'ai h&acirc;te de te rencontrer&nbsp;!<\/p>\n\n\n\n<h2>RESPONSABILIT&Eacute;S<\/h2>\n\n\n\n<p><strong>Coordination et cr&eacute;ation de contenu (quotidiennement)<\/strong><\/p>\n\n\n\n<ul>\n<li>Collaborer avec la fondatrice pour l'aider dans le processus de conception ax&eacute; sur la marque et coh&eacute;rent avec les autres actions de marketing en cours.<\/li>\n\n\n\n<li>D&eacute;velopper, r&eacute;diger, planifier et promouvoir des l&eacute;gendes Instagram cr&eacute;atives et pertinentes, des posts Facebook et des extraits pour les articles de blog nouveaux et mis &agrave; jour - en tenant compte de la communaut&eacute;, du positionnement, des promotions et des annonces de la marque.<\/li>\n\n\n\n<li>D&eacute;velopper des calendriers &eacute;ditoriaux qui r&eacute;pondent aux besoins et aux objectifs de la marque ; programmer les m&eacute;dias sociaux et s'engager en direct sur Instagram avec le public de Biting into Life.<\/li>\n<\/ul>\n\n\n\n<p><strong>Gestion de la communaut&eacute; (<strong>quotidiennement<\/strong>)<\/strong><\/p>\n\n\n\n<ul>\n<li>R&eacute;pondre aux commentaires et alimenter les interactions avec les followers<\/li>\n\n\n\n<li>Interagir avec le public et r&eacute;pondre rapidement aux questions et aux commentaires.<\/li>\n\n\n\n<li>Travailler souvent en r&eacute;seau avec des influenceurs cl&eacute;s dans leur secteur pour diffuser le message de la marque et &eacute;tablir des connexions pr&eacute;cieuses.<\/li>\n\n\n\n<li>Volont&eacute; de s'impliquer pour maximiser les partenariats lorsqu'ils se pr&eacute;sentent<\/li>\n<\/ul>\n\n\n\n<p><strong>Mesures et analyses (hebdomadairement ou mensuellement)<\/strong><\/p>\n\n\n\n<ul>\n<li>Favoriser l'am&eacute;lioration continue de la pr&eacute;sence sociale de la marque en proposant de nouvelles id&eacute;es, en surveillant et en analysant les indicateurs cl&eacute;s de performance et en formulant des recommandations strat&eacute;giques.<\/li>\n<\/ul>\n\n\n\n<p><strong>Strat&eacute;gie (mensuellement)<\/strong><\/p>\n\n\n\n<ul>\n<li>Mettre en place une strat&eacute;gie de conversion sur les r&eacute;seaux sociaux, des plateformes sociales &agrave; la liste de diffusion<\/li>\n\n\n\n<li>Conseiller et mettre en &oelig;uvre une strat&eacute;gie de m&eacute;dias sociaux pour engager et d&eacute;velopper l'audience de Biting into Life sur Instagram et Facebook.&nbsp;<\/li>\n\n\n\n<li>Rester au courant des nouvelles fonctionnalit&eacute;s des plateformes et des derni&egrave;res tendances sociales.<\/li>\n<\/ul>\n\n\n\n<h2>QUALIFICATIONS<\/h2>\n\n\n\n<ul>\n<li>Minimum de 2 ans d'exp&eacute;rience en gestion des m&eacute;dias sociaux permettant de g&eacute;n&eacute;rer du trafic &agrave; partir de Facebook et Instagram.<\/li>\n\n\n\n<li>Bonne ma&icirc;trise des outils Facebook (Business Suite), excellente connaissance d'Instagram (Stories, Reels, Video), et exp&eacute;rience avec Plann ou Later.<\/li>\n\n\n\n<li>Travailler avec les partenaires de la marque pour ex&eacute;cuter des campagnes de m&eacute;dias sociaux selon les besoins.&nbsp;<\/li>\n\n\n\n<li>Qualit&eacute; de l'anglais irr&eacute;prochable<\/li>\n\n\n\n<li>Comp&eacute;tences en graphisme (Canva, InDesign ou Photoshop)<\/li>\n\n\n\n<li>Connaissance des derni&egrave;res tendances en mati&egrave;re de contenu num&eacute;rique et de m&eacute;dias sociaux, ainsi que de Google Analytics<\/li>\n\n\n\n<li>Sens de l'initiative, attitude positive et bon jugement<\/li>\n\n\n\n<li>Excellentes capacit&eacute;s de communication et d'&eacute;coute<\/li>\n\n\n\n<li>Solides comp&eacute;tences organisationnelles et excellente gestion des priorit&eacute;s<\/li>\n<\/ul>\n\n\n\n<p>Des atouts de r&ecirc;ve :<\/p>\n\n\n\n<ul>\n<li>Qualit&eacute; irr&eacute;prochable de la langue fran&ccedil;aise + capacit&eacute; &agrave; traduire du fran&ccedil;ais &agrave; l'anglais<\/li>\n\n\n\n<li>Int&eacute;r&ecirc;t pour l'alimentation v&eacute;g&eacute;tale<\/li>\n\n\n\n<li>Cr&eacute;ation de contenu vid&eacute;o<\/li>\n\n\n\n<li>Exp&eacute;rience dans la gestion simultan&eacute;e de plusieurs comptes de m&eacute;dias sociaux<\/li>\n<\/ul>\n\n\n\n<h2>POUR POSTULER<\/h2>\n\n\n\n<p>Les candidatures seront accept&eacute;es jusqu'au 19 mai. Si tu es s&eacute;lectionn&eacute;&middot;e pour passer &agrave; l'&eacute;tape suivante, tu seras contact&eacute;&middot;e la semaine du 22 mai avec des instructions pour un &eacute;chantillon de travail simple avant que des entretiens ne soient organis&eacute;s. Dans tous les cas, tu peux t'attendre &agrave; recevoir des nouvelles de ma part.&nbsp;<\/p>\n\n\n\n<p><strong>Remarques :<\/strong>&nbsp;Il est tr&egrave;s probable que les personnes qui aiment la niche ax&eacute;e sur l'alimentation v&eacute;g&eacute;tale se sentent concern&eacute;es par ce poste et proposeront leurs services, mais s'il te pla&icirc;t, se concentrer sur ses qualifications et sur les raisons pour lesquelles tu es la meilleure personne pour ce poste.&nbsp;<\/p>\n\n\n\n<p>Pri&egrave;re &eacute;galement s'abstenir de me contacter autrement qu'en cliquant sur le lien ci-dessous :<\/p>\n\n\n\n<p><a class=\"button\" href=\"https:\/\/docs.google.com\/forms\/d\/e\/1FAIpQLScDph4Hy_yT075Cm9TawTugzQ7juy0Nxmgthny_dJSRqgE-0w\/viewform?usp=sf_link&lt;\/p&gt;\">Postuler ici<strong> &rarr;<\/strong><\/a><\/p>\n","protected":false},"excerpt":{"rendered":"<p>VUE D'ENSEMBLE En &eacute;troite collaboration avec la fondatrice, la personne responsable des m&eacute;dias sociaux jouera un r&ocirc;le cl&eacute; en assurant la gestion strat&eacute;gique de la pr&eacute;sence de la marque Biting into Life\/Mordre dans la vie &mdash; un blog sur l'alimentation &agrave; base de v&eacute;g&eacute;taux complets, sur les m&eacute;dias sociaux &mdash;, en particulier sur Instagram et...<\/p>\n<p><a class=\"more-link\" href=\"https:\/\/bitingintolife.net\/fr\/gestionnaire-de-medias-sociaux\/\">Read On &rarr;<\/a><\/p>\n","protected":false},"author":1,"featured_media":94119,"parent":0,"menu_order":0,"comment_status":"closed","ping_status":"closed","template":"","meta":{"limit_modified_date":"","last_modified_date":"","wprm-recipe-roundup-name":"","wprm-recipe-roundup-description":"","_genesis_hide_title":false,"_genesis_hide_breadcrumbs":false,"_genesis_hide_singular_image":false,"_genesis_hide_footer_widgets":false,"_genesis_custom_body_class":"","_genesis_custom_post_class":"","_genesis_layout":""},"yoast_head":"<!-- This site is optimized with the Yoast SEO Premium plugin v20.13 (Yoast SEO v21.1) - https:\/\/yoast.com\/wordpress\/plugins\/seo\/ -->\n<title>Gestionnaire de m\u00e9dias sociaux pour un blog culinaire prometteur | Mordre dans la vie<\/title>\n<meta name=\"description\" content=\"Je cherche un\u00b7e gestionnaire de medias sociaux qui partage ma passion pour tout ce qui touche au num\u00e9rique. Postuler jusqu&#039;au 19 mai.\" \/>\n<meta name=\"robots\" content=\"index, follow, max-snippet:-1, max-image-preview:large, max-video-preview:-1\" \/>\n<link rel=\"canonical\" href=\"https:\/\/bitingintolife.net\/fr\/gestionnaire-de-medias-sociaux\/\" \/>\n<meta property=\"og:locale\" content=\"fr_FR\" \/>\n<meta property=\"og:type\" content=\"article\" \/>\n<meta property=\"og:title\" content=\"Gestionnaire de m\u00e9dias sociaux pour un blog culinaire prometteur\" \/>\n<meta property=\"og:description\" content=\"Je cherche un\u00b7e gestionnaire de medias sociaux qui partage ma passion pour tout ce qui touche au num\u00e9rique. Postuler jusqu&#039;au 19 mai.\" \/>\n<meta property=\"og:url\" content=\"https:\/\/bitingintolife.net\/fr\/gestionnaire-de-medias-sociaux\/\" \/>\n<meta property=\"og:site_name\" content=\"Mordre dans la vie\" \/>\n<meta property=\"article:publisher\" content=\"https:\/\/www.facebook.com\/bitingintolife\" \/>\n<meta property=\"article:modified_time\" content=\"2023-05-10T02:18:53+00:00\" \/>\n<meta property=\"og:image\" content=\"https:\/\/bitingintolife.net\/wp-content\/uploads\/2023\/03\/biting-into-life-logo-200-x-70-2023.jpg\" \/>\n\t<meta property=\"og:image:width\" content=\"200\" \/>\n\t<meta property=\"og:image:height\" content=\"70\" \/>\n\t<meta property=\"og:image:type\" content=\"image\/jpeg\" \/>\n<meta name=\"twitter:card\" content=\"summary_large_image\" \/>\n<meta name=\"twitter:site\" content=\"@bitingintolife\" \/>\n<script type=\"application\/ld+json\" class=\"yoast-schema-graph\">{\"@context\":\"https:\/\/schema.org\",\"@graph\":[{\"@type\":\"WebPage\",\"@id\":\"https:\/\/bitingintolife.net\/fr\/gestionnaire-de-medias-sociaux\/\",\"url\":\"https:\/\/bitingintolife.net\/fr\/gestionnaire-de-medias-sociaux\/\",\"name\":\"Gestionnaire de m\u00e9dias sociaux pour un blog culinaire prometteur | Mordre dans la vie\",\"isPartOf\":{\"@id\":\"https:\/\/bitingintolife.net\/fr\/#website\"},\"datePublished\":\"2023-05-10T02:09:28+00:00\",\"dateModified\":\"2023-05-10T02:18:53+00:00\",\"description\":\"Je cherche un\u00b7e gestionnaire de medias sociaux qui partage ma passion pour tout ce qui touche au num\u00e9rique. Postuler jusqu'au 19 mai.\",\"breadcrumb\":{\"@id\":\"https:\/\/bitingintolife.net\/fr\/gestionnaire-de-medias-sociaux\/#breadcrumb\"},\"inLanguage\":\"fr-FR\",\"potentialAction\":[{\"@type\":\"ReadAction\",\"target\":[\"https:\/\/bitingintolife.net\/fr\/gestionnaire-de-medias-sociaux\/\"]}]},{\"@type\":\"BreadcrumbList\",\"@id\":\"https:\/\/bitingintolife.net\/fr\/gestionnaire-de-medias-sociaux\/#breadcrumb\",\"itemListElement\":[{\"@type\":\"ListItem\",\"position\":1,\"name\":\"Home\",\"item\":\"https:\/\/bitingintolife.net\/fr\/\"},{\"@type\":\"ListItem\",\"position\":2,\"name\":\"Gestionnaire de m\u00e9dias sociaux pour un blog culinaire prometteur\"}]},{\"@type\":\"WebSite\",\"@id\":\"https:\/\/bitingintolife.net\/fr\/#website\",\"url\":\"https:\/\/bitingintolife.net\/fr\/\",\"name\":\"Mordre dans la vie\",\"description\":\"Recettes v\u00e9g\u00e9tales r\u00e9confortantes et nutritives\",\"publisher\":{\"@id\":\"https:\/\/bitingintolife.net\/fr\/#organization\"},\"potentialAction\":[{\"@type\":\"SearchAction\",\"target\":{\"@type\":\"EntryPoint\",\"urlTemplate\":\"https:\/\/bitingintolife.net\/fr\/?s={search_term_string}\"},\"query-input\":\"required name=search_term_string\"}],\"inLanguage\":\"fr-FR\"},{\"@type\":\"Organization\",\"@id\":\"https:\/\/bitingintolife.net\/fr\/#organization\",\"name\":\"Biting into Life\",\"url\":\"https:\/\/bitingintolife.net\/fr\/\",\"logo\":{\"@type\":\"ImageObject\",\"inLanguage\":\"fr-FR\",\"@id\":\"https:\/\/bitingintolife.net\/fr\/#\/schema\/logo\/image\/\",\"url\":\"https:\/\/bitingintolife.net\/wp-content\/uploads\/2021\/04\/cropped-Logo-feast-BIL-1.png\",\"contentUrl\":\"https:\/\/bitingintolife.net\/wp-content\/uploads\/2021\/04\/cropped-Logo-feast-BIL-1.png\",\"width\":512,\"height\":512,\"caption\":\"Biting into Life\"},\"image\":{\"@id\":\"https:\/\/bitingintolife.net\/fr\/#\/schema\/logo\/image\/\"},\"sameAs\":[\"https:\/\/www.facebook.com\/bitingintolife\",\"https:\/\/twitter.com\/bitingintolife\",\"https:\/\/www.instagram.com\/biting.intolife\",\"https:\/\/www.pinterest.com\/bitingintolife\"]}]}<\/script>\n<!-- \/ Yoast SEO Premium plugin. -->","yoast_head_json":{"title":"Gestionnaire de m\u00e9dias sociaux pour un blog culinaire prometteur | Mordre dans la vie","description":"Je cherche un\u00b7e gestionnaire de medias sociaux qui partage ma passion pour tout ce qui touche au num\u00e9rique. Postuler jusqu'au 19 mai.","robots":{"index":"index","follow":"follow","max-snippet":"max-snippet:-1","max-image-preview":"max-image-preview:large","max-video-preview":"max-video-preview:-1"},"canonical":"https:\/\/bitingintolife.net\/fr\/gestionnaire-de-medias-sociaux\/","og_locale":"fr_FR","og_type":"article","og_title":"Gestionnaire de m\u00e9dias sociaux pour un blog culinaire prometteur","og_description":"Je cherche un\u00b7e gestionnaire de medias sociaux qui partage ma passion pour tout ce qui touche au num\u00e9rique. Postuler jusqu'au 19 mai.","og_url":"https:\/\/bitingintolife.net\/fr\/gestionnaire-de-medias-sociaux\/","og_site_name":"Mordre dans la vie","article_publisher":"https:\/\/www.facebook.com\/bitingintolife","article_modified_time":"2023-05-10T02:18:53+00:00","og_image":[{"width":200,"height":70,"url":"https:\/\/bitingintolife.net\/wp-content\/uploads\/2023\/03\/biting-into-life-logo-200-x-70-2023.jpg","type":"image\/jpeg"}],"twitter_card":"summary_large_image","twitter_site":"@bitingintolife","schema":{"@context":"https:\/\/schema.org","@graph":[{"@type":"WebPage","@id":"https:\/\/bitingintolife.net\/fr\/gestionnaire-de-medias-sociaux\/","url":"https:\/\/bitingintolife.net\/fr\/gestionnaire-de-medias-sociaux\/","name":"Gestionnaire de m\u00e9dias sociaux pour un blog culinaire prometteur | Mordre dans la vie","isPartOf":{"@id":"https:\/\/bitingintolife.net\/fr\/#website"},"datePublished":"2023-05-10T02:09:28+00:00","dateModified":"2023-05-10T02:18:53+00:00","description":"Je cherche un\u00b7e gestionnaire de medias sociaux qui partage ma passion pour tout ce qui touche au num\u00e9rique. Postuler jusqu'au 19 mai.","breadcrumb":{"@id":"https:\/\/bitingintolife.net\/fr\/gestionnaire-de-medias-sociaux\/#breadcrumb"},"inLanguage":"fr-FR","potentialAction":[{"@type":"ReadAction","target":["https:\/\/bitingintolife.net\/fr\/gestionnaire-de-medias-sociaux\/"]}]},{"@type":"BreadcrumbList","@id":"https:\/\/bitingintolife.net\/fr\/gestionnaire-de-medias-sociaux\/#breadcrumb","itemListElement":[{"@type":"ListItem","position":1,"name":"Home","item":"https:\/\/bitingintolife.net\/fr\/"},{"@type":"ListItem","position":2,"name":"Gestionnaire de m\u00e9dias sociaux pour un blog culinaire prometteur"}]},{"@type":"WebSite","@id":"https:\/\/bitingintolife.net\/fr\/#website","url":"https:\/\/bitingintolife.net\/fr\/","name":"Mordre dans la vie","description":"Recettes v\u00e9g\u00e9tales r\u00e9confortantes et nutritives","publisher":{"@id":"https:\/\/bitingintolife.net\/fr\/#organization"},"potentialAction":[{"@type":"SearchAction","target":{"@type":"EntryPoint","urlTemplate":"https:\/\/bitingintolife.net\/fr\/?s={search_term_string}"},"query-input":"required name=search_term_string"}],"inLanguage":"fr-FR"},{"@type":"Organization","@id":"https:\/\/bitingintolife.net\/fr\/#organization","name":"Biting into Life","url":"https:\/\/bitingintolife.net\/fr\/","logo":{"@type":"ImageObject","inLanguage":"fr-FR","@id":"https:\/\/bitingintolife.net\/fr\/#\/schema\/logo\/image\/","url":"https:\/\/bitingintolife.net\/wp-content\/uploads\/2021\/04\/cropped-Logo-feast-BIL-1.png","contentUrl":"https:\/\/bitingintolife.net\/wp-content\/uploads\/2021\/04\/cropped-Logo-feast-BIL-1.png","width":512,"height":512,"caption":"Biting into Life"},"image":{"@id":"https:\/\/bitingintolife.net\/fr\/#\/schema\/logo\/image\/"},"sameAs":["https:\/\/www.facebook.com\/bitingintolife","https:\/\/twitter.com\/bitingintolife","https:\/\/www.instagram.com\/biting.intolife","https:\/\/www.pinterest.com\/bitingintolife"]}]}},"_links":{"self":[{"href":"https:\/\/bitingintolife.net\/fr\/wp-json\/wp\/v2\/pages\/95111"}],"collection":[{"href":"https:\/\/bitingintolife.net\/fr\/wp-json\/wp\/v2\/pages"}],"about":[{"href":"https:\/\/bitingintolife.net\/fr\/wp-json\/wp\/v2\/types\/page"}],"author":[{"embeddable":true,"href":"https:\/\/bitingintolife.net\/fr\/wp-json\/wp\/v2\/users\/1"}],"replies":[{"embeddable":true,"href":"https:\/\/bitingintolife.net\/fr\/wp-json\/wp\/v2\/comments?post=95111"}],"version-history":[{"count":5,"href":"https:\/\/bitingintolife.net\/fr\/wp-json\/wp\/v2\/pages\/95111\/revisions"}],"predecessor-version":[{"id":95122,"href":"https:\/\/bitingintolife.net\/fr\/wp-json\/wp\/v2\/pages\/95111\/revisions\/95122"}],"wp:featuredmedia":[{"embeddable":true,"href":"https:\/\/bitingintolife.net\/fr\/wp-json\/wp\/v2\/media\/94119"}],"wp:attachment":[{"href":"https:\/\/bitingintolife.net\/fr\/wp-json\/wp\/v2\/media?parent=95111"}],"curies":[{"name":"wp","href":"https:\/\/api.w.org\/{rel}","templated":true}]}}