{"id":95127,"date":"2023-05-20T08:07:22","date_gmt":"2023-05-20T12:07:22","guid":{"rendered":"https:\/\/bitingintolife.net\/?page_id=95127"},"modified":"2023-05-20T08:48:49","modified_gmt":"2023-05-20T12:48:49","slug":"affichage-de-postes-pour-blog-culinaire","status":"publish","type":"page","link":"https:\/\/bitingintolife.net\/fr\/affichage-de-postes-pour-blog-culinaire\/","title":{"rendered":"Affichage de postes pour blog culinaire"},"content":{"rendered":"\n<p>Je travaille en solo depuis de nombreuses ann&eacute;es, mais je meurs d'envie de b&acirc;tir mon &eacute;quipe de r&ecirc;ve un jour pour &eacute;tendre <a href=\"https:\/\/bitingintolife.net\/fr\/ma-mission\/\">ma mission<\/a>.<\/p>\n\n\n\n<p>Voici ce que comprendrait mon &eacute;quipe de r&ecirc;ve (de t&ecirc;te):<\/p>\n\n\n\n<p>\/ Assistant&middot;e virtuel&middot;le<\/p>\n\n\n\n<p>\/ <a href=\"https:\/\/bitingintolife.net\/fr\/gestionnaire-de-medias-sociaux\/\">Gestionnaire de m&eacute;dias sociaux pour Instagram et Facebook<\/a><\/p>\n\n\n\n<p>\/ Gestionnaire de m&eacute;dias sociaux pour TikTok et YouTube<\/p>\n\n\n\n<p>\/ Chef de projet<\/p>\n\n\n\n<p>\/ Monteur&middot;se de vid&eacute;o<\/p>\n\n\n\n<p>\/ Assistant&middot;e de stylisme culinaire<\/p>\n","protected":false},"excerpt":{"rendered":"<p>Je travaille en solo depuis de nombreuses ann&eacute;es, mais je meurs d'envie de b&acirc;tir mon &eacute;quipe de r&ecirc;ve un jour pour &eacute;tendre ma mission. Voici ce que comprendrait mon &eacute;quipe de r&ecirc;ve (de t&ecirc;te): \/ Assistant&middot;e virtuel&middot;le \/ Gestionnaire de m&eacute;dias sociaux pour Instagram et Facebook \/ Gestionnaire de m&eacute;dias sociaux pour TikTok et YouTube...<\/p>\n<p><a class=\"more-link\" href=\"https:\/\/bitingintolife.net\/fr\/affichage-de-postes-pour-blog-culinaire\/\">Read On &rarr;<\/a><\/p>\n","protected":false},"author":1,"featured_media":0,"parent":0,"menu_order":0,"comment_status":"closed","ping_status":"closed","template":"","meta":{"limit_modified_date":"","last_modified_date":"","wprm-recipe-roundup-name":"","wprm-recipe-roundup-description":"","_genesis_hide_title":false,"_genesis_hide_breadcrumbs":false,"_genesis_hide_singular_image":false,"_genesis_hide_footer_widgets":false,"_genesis_custom_body_class":"","_genesis_custom_post_class":"","_genesis_layout":""},"yoast_head":"<!-- This site is optimized with the Yoast SEO Premium plugin v20.13 (Yoast SEO v21.1) - https:\/\/yoast.com\/wordpress\/plugins\/seo\/ -->\n<title>Affichage de postes pour blog culinaire | Mordre dans la vie<\/title>\n<meta name=\"description\" content=\"Je travaille en solo depuis de nombreuses ann\u00e9es, mais je meurs d&#039;envie de b\u00e2tir mon \u00e9quipe de r\u00eave. Consultez la liste des emplois de mon blog culinaire pour m&#039;aider \u00e0 grandir!\" \/>\n<meta name=\"robots\" content=\"index, follow, max-snippet:-1, max-image-preview:large, max-video-preview:-1\" \/>\n<link rel=\"canonical\" href=\"https:\/\/bitingintolife.net\/fr\/affichage-de-postes-pour-blog-culinaire\/\" \/>\n<meta property=\"og:locale\" content=\"fr_FR\" \/>\n<meta property=\"og:type\" content=\"article\" \/>\n<meta property=\"og:title\" content=\"Affichage de postes pour blog culinaire\" \/>\n<meta property=\"og:description\" content=\"Je travaille en solo depuis de nombreuses ann\u00e9es, mais je meurs d&#039;envie de b\u00e2tir mon \u00e9quipe de r\u00eave. Consultez la liste des emplois de mon blog culinaire pour m&#039;aider \u00e0 grandir!\" \/>\n<meta property=\"og:url\" content=\"https:\/\/bitingintolife.net\/fr\/affichage-de-postes-pour-blog-culinaire\/\" \/>\n<meta property=\"og:site_name\" content=\"Mordre dans la vie\" \/>\n<meta property=\"article:publisher\" content=\"https:\/\/www.facebook.com\/bitingintolife\" \/>\n<meta property=\"article:modified_time\" content=\"2023-05-20T12:48:49+00:00\" \/>\n<meta name=\"twitter:card\" content=\"summary_large_image\" \/>\n<meta name=\"twitter:site\" content=\"@bitingintolife\" \/>\n<meta name=\"twitter:label1\" content=\"Dur\u00e9e de lecture estim\u00e9e\" \/>\n\t<meta name=\"twitter:data1\" content=\"1 minute\" \/>\n<script type=\"application\/ld+json\" class=\"yoast-schema-graph\">{\"@context\":\"https:\/\/schema.org\",\"@graph\":[{\"@type\":\"WebPage\",\"@id\":\"https:\/\/bitingintolife.net\/fr\/affichage-de-postes-pour-blog-culinaire\/\",\"url\":\"https:\/\/bitingintolife.net\/fr\/affichage-de-postes-pour-blog-culinaire\/\",\"name\":\"Affichage de postes pour blog culinaire | Mordre dans la vie\",\"isPartOf\":{\"@id\":\"https:\/\/bitingintolife.net\/fr\/#website\"},\"datePublished\":\"2023-05-20T12:07:22+00:00\",\"dateModified\":\"2023-05-20T12:48:49+00:00\",\"description\":\"Je travaille en solo depuis de nombreuses ann\u00e9es, mais je meurs d'envie de b\u00e2tir mon \u00e9quipe de r\u00eave. Consultez la liste des emplois de mon blog culinaire pour m'aider \u00e0 grandir!\",\"breadcrumb\":{\"@id\":\"https:\/\/bitingintolife.net\/fr\/affichage-de-postes-pour-blog-culinaire\/#breadcrumb\"},\"inLanguage\":\"fr-FR\",\"potentialAction\":[{\"@type\":\"ReadAction\",\"target\":[\"https:\/\/bitingintolife.net\/fr\/affichage-de-postes-pour-blog-culinaire\/\"]}]},{\"@type\":\"BreadcrumbList\",\"@id\":\"https:\/\/bitingintolife.net\/fr\/affichage-de-postes-pour-blog-culinaire\/#breadcrumb\",\"itemListElement\":[{\"@type\":\"ListItem\",\"position\":1,\"name\":\"Home\",\"item\":\"https:\/\/bitingintolife.net\/fr\/\"},{\"@type\":\"ListItem\",\"position\":2,\"name\":\"Affichage de postes pour blog culinaire\"}]},{\"@type\":\"WebSite\",\"@id\":\"https:\/\/bitingintolife.net\/fr\/#website\",\"url\":\"https:\/\/bitingintolife.net\/fr\/\",\"name\":\"Mordre dans la vie\",\"description\":\"Recettes v\u00e9g\u00e9tales r\u00e9confortantes et nutritives\",\"publisher\":{\"@id\":\"https:\/\/bitingintolife.net\/fr\/#organization\"},\"potentialAction\":[{\"@type\":\"SearchAction\",\"target\":{\"@type\":\"EntryPoint\",\"urlTemplate\":\"https:\/\/bitingintolife.net\/fr\/?s={search_term_string}\"},\"query-input\":\"required name=search_term_string\"}],\"inLanguage\":\"fr-FR\"},{\"@type\":\"Organization\",\"@id\":\"https:\/\/bitingintolife.net\/fr\/#organization\",\"name\":\"Biting into Life\",\"url\":\"https:\/\/bitingintolife.net\/fr\/\",\"logo\":{\"@type\":\"ImageObject\",\"inLanguage\":\"fr-FR\",\"@id\":\"https:\/\/bitingintolife.net\/fr\/#\/schema\/logo\/image\/\",\"url\":\"https:\/\/bitingintolife.net\/wp-content\/uploads\/2021\/04\/cropped-Logo-feast-BIL-1.png\",\"contentUrl\":\"https:\/\/bitingintolife.net\/wp-content\/uploads\/2021\/04\/cropped-Logo-feast-BIL-1.png\",\"width\":512,\"height\":512,\"caption\":\"Biting into Life\"},\"image\":{\"@id\":\"https:\/\/bitingintolife.net\/fr\/#\/schema\/logo\/image\/\"},\"sameAs\":[\"https:\/\/www.facebook.com\/bitingintolife\",\"https:\/\/twitter.com\/bitingintolife\",\"https:\/\/www.instagram.com\/biting.intolife\",\"https:\/\/www.pinterest.com\/bitingintolife\"]}]}<\/script>\n<!-- \/ Yoast SEO Premium plugin. -->","yoast_head_json":{"title":"Affichage de postes pour blog culinaire | Mordre dans la vie","description":"Je travaille en solo depuis de nombreuses ann\u00e9es, mais je meurs d'envie de b\u00e2tir mon \u00e9quipe de r\u00eave. Consultez la liste des emplois de mon blog culinaire pour m'aider \u00e0 grandir!","robots":{"index":"index","follow":"follow","max-snippet":"max-snippet:-1","max-image-preview":"max-image-preview:large","max-video-preview":"max-video-preview:-1"},"canonical":"https:\/\/bitingintolife.net\/fr\/affichage-de-postes-pour-blog-culinaire\/","og_locale":"fr_FR","og_type":"article","og_title":"Affichage de postes pour blog culinaire","og_description":"Je travaille en solo depuis de nombreuses ann\u00e9es, mais je meurs d'envie de b\u00e2tir mon \u00e9quipe de r\u00eave. Consultez la liste des emplois de mon blog culinaire pour m'aider \u00e0 grandir!","og_url":"https:\/\/bitingintolife.net\/fr\/affichage-de-postes-pour-blog-culinaire\/","og_site_name":"Mordre dans la vie","article_publisher":"https:\/\/www.facebook.com\/bitingintolife","article_modified_time":"2023-05-20T12:48:49+00:00","twitter_card":"summary_large_image","twitter_site":"@bitingintolife","twitter_misc":{"Dur\u00e9e de lecture estim\u00e9e":"1 minute"},"schema":{"@context":"https:\/\/schema.org","@graph":[{"@type":"WebPage","@id":"https:\/\/bitingintolife.net\/fr\/affichage-de-postes-pour-blog-culinaire\/","url":"https:\/\/bitingintolife.net\/fr\/affichage-de-postes-pour-blog-culinaire\/","name":"Affichage de postes pour blog culinaire | Mordre dans la vie","isPartOf":{"@id":"https:\/\/bitingintolife.net\/fr\/#website"},"datePublished":"2023-05-20T12:07:22+00:00","dateModified":"2023-05-20T12:48:49+00:00","description":"Je travaille en solo depuis de nombreuses ann\u00e9es, mais je meurs d'envie de b\u00e2tir mon \u00e9quipe de r\u00eave. Consultez la liste des emplois de mon blog culinaire pour m'aider \u00e0 grandir!","breadcrumb":{"@id":"https:\/\/bitingintolife.net\/fr\/affichage-de-postes-pour-blog-culinaire\/#breadcrumb"},"inLanguage":"fr-FR","potentialAction":[{"@type":"ReadAction","target":["https:\/\/bitingintolife.net\/fr\/affichage-de-postes-pour-blog-culinaire\/"]}]},{"@type":"BreadcrumbList","@id":"https:\/\/bitingintolife.net\/fr\/affichage-de-postes-pour-blog-culinaire\/#breadcrumb","itemListElement":[{"@type":"ListItem","position":1,"name":"Home","item":"https:\/\/bitingintolife.net\/fr\/"},{"@type":"ListItem","position":2,"name":"Affichage de postes pour blog culinaire"}]},{"@type":"WebSite","@id":"https:\/\/bitingintolife.net\/fr\/#website","url":"https:\/\/bitingintolife.net\/fr\/","name":"Mordre dans la vie","description":"Recettes v\u00e9g\u00e9tales r\u00e9confortantes et nutritives","publisher":{"@id":"https:\/\/bitingintolife.net\/fr\/#organization"},"potentialAction":[{"@type":"SearchAction","target":{"@type":"EntryPoint","urlTemplate":"https:\/\/bitingintolife.net\/fr\/?s={search_term_string}"},"query-input":"required name=search_term_string"}],"inLanguage":"fr-FR"},{"@type":"Organization","@id":"https:\/\/bitingintolife.net\/fr\/#organization","name":"Biting into Life","url":"https:\/\/bitingintolife.net\/fr\/","logo":{"@type":"ImageObject","inLanguage":"fr-FR","@id":"https:\/\/bitingintolife.net\/fr\/#\/schema\/logo\/image\/","url":"https:\/\/bitingintolife.net\/wp-content\/uploads\/2021\/04\/cropped-Logo-feast-BIL-1.png","contentUrl":"https:\/\/bitingintolife.net\/wp-content\/uploads\/2021\/04\/cropped-Logo-feast-BIL-1.png","width":512,"height":512,"caption":"Biting into Life"},"image":{"@id":"https:\/\/bitingintolife.net\/fr\/#\/schema\/logo\/image\/"},"sameAs":["https:\/\/www.facebook.com\/bitingintolife","https:\/\/twitter.com\/bitingintolife","https:\/\/www.instagram.com\/biting.intolife","https:\/\/www.pinterest.com\/bitingintolife"]}]}},"_links":{"self":[{"href":"https:\/\/bitingintolife.net\/fr\/wp-json\/wp\/v2\/pages\/95127"}],"collection":[{"href":"https:\/\/bitingintolife.net\/fr\/wp-json\/wp\/v2\/pages"}],"about":[{"href":"https:\/\/bitingintolife.net\/fr\/wp-json\/wp\/v2\/types\/page"}],"author":[{"embeddable":true,"href":"https:\/\/bitingintolife.net\/fr\/wp-json\/wp\/v2\/users\/1"}],"replies":[{"embeddable":true,"href":"https:\/\/bitingintolife.net\/fr\/wp-json\/wp\/v2\/comments?post=95127"}],"version-history":[{"count":2,"href":"https:\/\/bitingintolife.net\/fr\/wp-json\/wp\/v2\/pages\/95127\/revisions"}],"predecessor-version":[{"id":95143,"href":"https:\/\/bitingintolife.net\/fr\/wp-json\/wp\/v2\/pages\/95127\/revisions\/95143"}],"wp:attachment":[{"href":"https:\/\/bitingintolife.net\/fr\/wp-json\/wp\/v2\/media?parent=95127"}],"curies":[{"name":"wp","href":"https:\/\/api.w.org\/{rel}","templated":true}]}}